{"id":17,"date":"2024-04-24T13:43:32","date_gmt":"2024-04-24T19:43:32","guid":{"rendered":"https:\/\/transparenciatatatila.mx\/?page_id=17"},"modified":"2024-04-29T01:09:44","modified_gmt":"2024-04-29T07:09:44","slug":"transparencia","status":"publish","type":"page","link":"https:\/\/transparenciatatatila.mx\/","title":{"rendered":"Transparencia"},"content":{"rendered":"\n<p class=\"has-text-align-center has-medium-font-size\">En cumplimiento a lo establecido por los art\u00edculos 12, 13 y 15 de la Ley N\u00famero 875 de Transparencia y Acceso a la Informaci\u00f3n P\u00fablica para el Estado de Veracruz de Ignacio de la Llave, el H. Ayuntamiento de\u00a0<strong>Tatatila, Veracruz<\/strong>\u00a0pone a su disposici\u00f3n la siguiente informaci\u00f3n p\u00fablica<\/p>\n\n\n\n<p class=\"has-large-font-size\"><strong><a href=\"https:\/\/transparenciatatatila.mx\/index.php\/transparencia-2024\/\">Ejercicio 2024<\/a><\/strong><\/p>\n\n\n\n<p><\/p>\n\n\n\n<p><\/p>\n","protected":false},"excerpt":{"rendered":"<p>En cumplimiento a lo establecido por los art\u00edculos 12, 13 y 15 de la Ley N\u00famero 875 de Transparencia y<\/p>\n","protected":false},"author":1,"featured_media":0,"parent":0,"menu_order":0,"comment_status":"closed","ping_status":"closed","template":"","meta":{"footnotes":""},"class_list":["post-17","page","type-page","status-publish","hentry"],"_links":{"self":[{"href":"https:\/\/transparenciatatatila.mx\/index.php\/wp-json\/wp\/v2\/pages\/17","targetHints":{"allow":["GET"]}}],"collection":[{"href":"https:\/\/transparenciatatatila.mx\/index.php\/wp-json\/wp\/v2\/pages"}],"about":[{"href":"https:\/\/transparenciatatatila.mx\/index.php\/wp-json\/wp\/v2\/types\/page"}],"author":[{"embeddable":true,"href":"https:\/\/transparenciatatatila.mx\/index.php\/wp-json\/wp\/v2\/users\/1"}],"replies":[{"embeddable":true,"href":"https:\/\/transparenciatatatila.mx\/index.php\/wp-json\/wp\/v2\/comments?post=17"}],"version-history":[{"count":11,"href":"https:\/\/transparenciatatatila.mx\/index.php\/wp-json\/wp\/v2\/pages\/17\/revisions"}],"predecessor-version":[{"id":99,"href":"https:\/\/transparenciatatatila.mx\/index.php\/wp-json\/wp\/v2\/pages\/17\/revisions\/99"}],"wp:attachment":[{"href":"https:\/\/transparenciatatatila.mx\/index.php\/wp-json\/wp\/v2\/media?parent=17"}],"curies":[{"name":"wp","href":"https:\/\/api.w.org\/{rel}","templated":true}]}}